{"id":28,"date":"2025-02-06T09:11:10","date_gmt":"2025-02-06T09:11:10","guid":{"rendered":"https:\/\/piscine-parma.it\/?page_id=28"},"modified":"2025-03-10T08:21:10","modified_gmt":"2025-03-10T08:21:10","slug":"doghe-per-pavimenti","status":"publish","type":"page","link":"https:\/\/piscine-parma.it\/index.php\/doghe-per-pavimenti\/","title":{"rendered":"Decking per pavimenti"},"content":{"rendered":"\t\t<div data-elementor-type=\"wp-page\" data-elementor-id=\"28\" class=\"elementor elementor-28\">\n\t\t\t\t<div class=\"elementor-element elementor-element-f0170c7 e-flex e-con-boxed e-con e-parent\" data-id=\"f0170c7\" data-element_type=\"container\" data-settings=\"{&quot;background_background&quot;:&quot;classic&quot;}\">\n\t\t\t\t\t<div class=\"e-con-inner\">\n\t\t<div class=\"elementor-element elementor-element-3f94a54 e-con-full e-flex e-con e-child\" data-id=\"3f94a54\" data-element_type=\"container\">\n\t\t\t\t<div class=\"elementor-element elementor-element-f545de7 elementor-widget elementor-widget-heading\" data-id=\"f545de7\" data-element_type=\"widget\" data-widget_type=\"heading.default\">\n\t\t\t\t<div class=\"elementor-widget-container\">\n\t\t\t\t\t<h2 class=\"elementor-heading-title elementor-size-default\">DEcKING PER PAVIMENTI<\/h2>\t\t\t\t<\/div>\n\t\t\t\t<\/div>\n\t\t\t\t<\/div>\n\t\t\t\t\t<\/div>\n\t\t\t\t<\/div>\n\t\t<div class=\"elementor-element elementor-element-24325f4 e-con-full e-flex e-con e-parent\" data-id=\"24325f4\" data-element_type=\"container\" data-settings=\"{&quot;background_background&quot;:&quot;classic&quot;}\">\n\t\t<div class=\"elementor-element elementor-element-a82cdff e-con-full e-flex e-con e-child\" data-id=\"a82cdff\" data-element_type=\"container\" data-settings=\"{&quot;background_background&quot;:&quot;classic&quot;}\">\n\t\t\t\t<div class=\"elementor-element elementor-element-5db193a elementor-widget elementor-widget-heading\" data-id=\"5db193a\" data-element_type=\"widget\" data-widget_type=\"heading.default\">\n\t\t\t\t<div class=\"elementor-widget-container\">\n\t\t\t\t\t<h2 class=\"elementor-heading-title elementor-size-default\">Decking WPC\n<\/h2>\t\t\t\t<\/div>\n\t\t\t\t<\/div>\n\t\t\t\t<div class=\"elementor-element elementor-element-ada84eb elementor-widget elementor-widget-text-editor\" data-id=\"ada84eb\" data-element_type=\"widget\" data-widget_type=\"text-editor.default\">\n\t\t\t\t<div class=\"elementor-widget-container\">\n\t\t\t\t\t\t\t\t\t<p>Le doghe <strong>WPC<\/strong>\u00a0sono adatte a qualsiasi esigenza progettuale: residenziale, commerciale, aziendale, spazi outdoor ad uso ricettivo e turistico, bordi piscina e aree wellness.<\/p><p><strong>Le soluzioni<\/strong> sono adatte per soddisfare le pi\u00f9 ampie esigenze funzionali ed estetiche<\/p><ul><li>zigrinata antislip<\/li><li>effetto venatura legno 3D<\/li><\/ul>\t\t\t\t\t\t\t\t<\/div>\n\t\t\t\t<\/div>\n\t\t\t\t<\/div>\n\t\t<div class=\"elementor-element elementor-element-90ce0cc e-con-full e-flex e-con e-child\" data-id=\"90ce0cc\" data-element_type=\"container\">\n\t\t\t\t<\/div>\n\t\t\t\t<\/div>\n\t\t<div class=\"elementor-element elementor-element-9111f57 e-con-full e-flex e-con e-parent\" data-id=\"9111f57\" data-element_type=\"container\" data-settings=\"{&quot;background_background&quot;:&quot;classic&quot;}\">\n\t\t<div class=\"elementor-element elementor-element-61aa109 e-con-full e-flex e-con e-child\" data-id=\"61aa109\" data-element_type=\"container\" data-settings=\"{&quot;background_background&quot;:&quot;classic&quot;}\">\n\t\t\t\t<div class=\"elementor-element elementor-element-98d32ad elementor-widget elementor-widget-heading\" data-id=\"98d32ad\" data-element_type=\"widget\" data-widget_type=\"heading.default\">\n\t\t\t\t<div class=\"elementor-widget-container\">\n\t\t\t\t\t<h2 class=\"elementor-heading-title elementor-size-default\">Decking Legno\n<\/h2>\t\t\t\t<\/div>\n\t\t\t\t<\/div>\n\t\t\t\t<div class=\"elementor-element elementor-element-c64fa67 elementor-widget elementor-widget-text-editor\" data-id=\"c64fa67\" data-element_type=\"widget\" data-widget_type=\"text-editor.default\">\n\t\t\t\t<div class=\"elementor-widget-container\">\n\t\t\t\t\t\t\t\t\t<p><strong>Pavimenti esterni in legno<\/strong> caratterizzati da durabilit\u00e0, qualit\u00e0 e praticit\u00e0, in linea alle ultime tendenze nella progettazione degli <strong>spazi outdoor<\/strong>.<\/p><p>Scegliamo <strong>le migliori specie legnose<\/strong> disponibili in natura: teak asia, ip\u00e9, angelim amargoso e cumar\u00f9<\/p><p>Un pavimento esterno in legno valorizza un feeling unico di benessere, gradevole alla vista ed al tatto con una personalit\u00e0 versatile adatta ad ogni tipologia di ambientazione.<\/p>\t\t\t\t\t\t\t\t<\/div>\n\t\t\t\t<\/div>\n\t\t\t\t<\/div>\n\t\t<div class=\"elementor-element elementor-element-1294349 e-con-full e-flex e-con e-child\" data-id=\"1294349\" data-element_type=\"container\">\n\t\t\t\t<\/div>\n\t\t\t\t<\/div>\n\t\t<div class=\"elementor-element elementor-element-64f9c85 e-con-full e-flex e-con e-parent\" data-id=\"64f9c85\" data-element_type=\"container\" data-settings=\"{&quot;background_background&quot;:&quot;classic&quot;}\">\n\t\t<div class=\"elementor-element elementor-element-2c3b71e e-con-full e-flex e-con e-child\" data-id=\"2c3b71e\" data-element_type=\"container\" data-settings=\"{&quot;background_background&quot;:&quot;classic&quot;}\">\n\t\t\t\t<div class=\"elementor-element elementor-element-1484b4b elementor-widget elementor-widget-heading\" data-id=\"1484b4b\" data-element_type=\"widget\" data-widget_type=\"heading.default\">\n\t\t\t\t<div class=\"elementor-widget-container\">\n\t\t\t\t\t<h2 class=\"elementor-heading-title elementor-size-default\">Decking Gr\u00e8s\n<\/h2>\t\t\t\t<\/div>\n\t\t\t\t<\/div>\n\t\t\t\t<div class=\"elementor-element elementor-element-0707aa7 elementor-widget elementor-widget-text-editor\" data-id=\"0707aa7\" data-element_type=\"widget\" data-widget_type=\"text-editor.default\">\n\t\t\t\t<div class=\"elementor-widget-container\">\n\t\t\t\t\t\t\t\t\t<p><strong>Inattaccabile dal gelo<\/strong>, durabile nel tempo, sicuro di facile manutenzione e versatile.<\/p><p>La tecnologia digitale di ultima generazione ci permette di proporre i nostri <strong>gr\u00e8s da 20 mm<\/strong> con nuances che ispirano i nostri sensi; le collezioni landscape ed essential sono state pensate proprio per soddisfare ogni esigenza, sposandosi con eleganza in ogni contesto esterno per rendere l\u2019<strong>ambiente outdoor<\/strong> un tangibile sogno di mezza estate.<\/p>\t\t\t\t\t\t\t\t<\/div>\n\t\t\t\t<\/div>\n\t\t\t\t<\/div>\n\t\t<div class=\"elementor-element elementor-element-c97c79b e-con-full e-flex e-con e-child\" data-id=\"c97c79b\" data-element_type=\"container\" data-settings=\"{&quot;background_background&quot;:&quot;classic&quot;}\">\n\t\t\t\t<\/div>\n\t\t\t\t<\/div>\n\t\t<div class=\"elementor-element elementor-element-9d1008f e-flex e-con-boxed e-con e-parent\" data-id=\"9d1008f\" data-element_type=\"container\" data-settings=\"{&quot;background_background&quot;:&quot;classic&quot;}\">\n\t\t\t\t\t<div class=\"e-con-inner\">\n\t\t\t\t<div class=\"elementor-element elementor-element-f6ef7af elementor-widget elementor-widget-text-editor\" data-id=\"f6ef7af\" data-element_type=\"widget\" data-widget_type=\"text-editor.default\">\n\t\t\t\t<div class=\"elementor-widget-container\">\n\t\t\t\t\t\t\t\t\t<p data-start=\"920\" data-end=\"1122\">Scopri tutti i modelli disponibili nel nostro catalogo e trova la doccia perfetta per il tuo spazio esterno.<\/p>\t\t\t\t\t\t\t\t<\/div>\n\t\t\t\t<\/div>\n\t\t\t\t<div class=\"elementor-element elementor-element-52630d6 elementor-align-center elementor-widget elementor-widget-button\" data-id=\"52630d6\" data-element_type=\"widget\" data-widget_type=\"button.default\">\n\t\t\t\t<div class=\"elementor-widget-container\">\n\t\t\t\t\t\t\t\t\t<div class=\"elementor-button-wrapper\">\n\t\t\t\t\t<a class=\"elementor-button elementor-button-link elementor-size-sm\" href=\"https:\/\/piscine-parma.it\/wp-content\/uploads\/2025\/03\/EnPleinAir25.pdf\">\n\t\t\t\t\t\t<span class=\"elementor-button-content-wrapper\">\n\t\t\t\t\t\t\t\t\t<span class=\"elementor-button-text\">SCARICA IL CATALOGO<\/span>\n\t\t\t\t\t<\/span>\n\t\t\t\t\t<\/a>\n\t\t\t\t<\/div>\n\t\t\t\t\t\t\t\t<\/div>\n\t\t\t\t<\/div>\n\t\t\t\t\t<\/div>\n\t\t\t\t<\/div>\n\t\t\t\t<\/div>\n\t\t","protected":false},"excerpt":{"rendered":"<p>DEcKING PER PAVIMENTI Decking WPC Le doghe WPC\u00a0sono adatte a qualsiasi esigenza progettuale: residenziale, commerciale, aziendale, spazi outdoor ad uso ricettivo e turistico, bordi piscina e aree wellness. Le soluzioni sono adatte per soddisfare le pi\u00f9 ampie esigenze funzionali ed estetiche zigrinata antislip effetto venatura legno 3D Decking Legno Pavimenti esterni in legno caratterizzati da [&hellip;]<\/p>\n","protected":false},"author":1,"featured_media":0,"parent":0,"menu_order":0,"comment_status":"closed","ping_status":"closed","template":"","meta":{"footnotes":""},"class_list":["post-28","page","type-page","status-publish","hentry"],"_links":{"self":[{"href":"https:\/\/piscine-parma.it\/index.php\/wp-json\/wp\/v2\/pages\/28","targetHints":{"allow":["GET"]}}],"collection":[{"href":"https:\/\/piscine-parma.it\/index.php\/wp-json\/wp\/v2\/pages"}],"about":[{"href":"https:\/\/piscine-parma.it\/index.php\/wp-json\/wp\/v2\/types\/page"}],"author":[{"embeddable":true,"href":"https:\/\/piscine-parma.it\/index.php\/wp-json\/wp\/v2\/users\/1"}],"replies":[{"embeddable":true,"href":"https:\/\/piscine-parma.it\/index.php\/wp-json\/wp\/v2\/comments?post=28"}],"version-history":[{"count":18,"href":"https:\/\/piscine-parma.it\/index.php\/wp-json\/wp\/v2\/pages\/28\/revisions"}],"predecessor-version":[{"id":786,"href":"https:\/\/piscine-parma.it\/index.php\/wp-json\/wp\/v2\/pages\/28\/revisions\/786"}],"wp:attachment":[{"href":"https:\/\/piscine-parma.it\/index.php\/wp-json\/wp\/v2\/media?parent=28"}],"curies":[{"name":"wp","href":"https:\/\/api.w.org\/{rel}","templated":true}]}}