{"id":20,"date":"2025-02-06T09:10:04","date_gmt":"2025-02-06T09:10:04","guid":{"rendered":"https:\/\/piscine-parma.it\/?page_id=20"},"modified":"2025-02-25T09:55:57","modified_gmt":"2025-02-25T09:55:57","slug":"piscine-fuori-terra","status":"publish","type":"page","link":"https:\/\/piscine-parma.it\/index.php\/piscine-fuori-terra\/","title":{"rendered":"Piscine fuori terra"},"content":{"rendered":"\t\t<div data-elementor-type=\"wp-page\" data-elementor-id=\"20\" class=\"elementor elementor-20\">\n\t\t\t\t<div class=\"elementor-element elementor-element-e886cd2 e-flex e-con-boxed e-con e-parent\" data-id=\"e886cd2\" data-element_type=\"container\" data-settings=\"{&quot;background_background&quot;:&quot;classic&quot;}\">\n\t\t\t\t\t<div class=\"e-con-inner\">\n\t\t<div class=\"elementor-element elementor-element-ce6fcd7 e-con-full e-flex e-con e-child\" data-id=\"ce6fcd7\" data-element_type=\"container\">\n\t\t\t\t<div class=\"elementor-element elementor-element-7c73b0b elementor-widget elementor-widget-image\" data-id=\"7c73b0b\" data-element_type=\"widget\" data-widget_type=\"image.default\">\n\t\t\t\t<div class=\"elementor-widget-container\">\n\t\t\t\t\t\t\t\t\t\t\t\t\t\t\t<img fetchpriority=\"high\" decoding=\"async\" width=\"450\" height=\"436\" src=\"https:\/\/piscine-parma.it\/wp-content\/uploads\/2025\/02\/logo_solaris_2022-1.png\" class=\"attachment-large size-large wp-image-203\" alt=\"\" srcset=\"https:\/\/piscine-parma.it\/wp-content\/uploads\/2025\/02\/logo_solaris_2022-1.png 450w, https:\/\/piscine-parma.it\/wp-content\/uploads\/2025\/02\/logo_solaris_2022-1-300x291.png 300w\" sizes=\"(max-width: 450px) 100vw, 450px\" \/>\t\t\t\t\t\t\t\t\t\t\t\t\t\t\t<\/div>\n\t\t\t\t<\/div>\n\t\t\t\t<div class=\"elementor-element elementor-element-9019c24 elementor-widget elementor-widget-heading\" data-id=\"9019c24\" data-element_type=\"widget\" data-widget_type=\"heading.default\">\n\t\t\t\t<div class=\"elementor-widget-container\">\n\t\t\t\t\t<h2 class=\"elementor-heading-title elementor-size-default\">PISCINE FUORI TERRA<\/h2>\t\t\t\t<\/div>\n\t\t\t\t<\/div>\n\t\t\t\t<\/div>\n\t\t\t\t\t<\/div>\n\t\t\t\t<\/div>\n\t\t<div class=\"elementor-element elementor-element-72831f8 e-con-full e-flex e-con e-parent\" data-id=\"72831f8\" data-element_type=\"container\" data-settings=\"{&quot;background_background&quot;:&quot;classic&quot;}\">\n\t\t<div class=\"elementor-element elementor-element-81e8ae6 e-con-full e-flex e-con e-child\" data-id=\"81e8ae6\" data-element_type=\"container\" data-settings=\"{&quot;background_background&quot;:&quot;classic&quot;}\">\n\t\t\t\t<div class=\"elementor-element elementor-element-975c04c elementor-widget elementor-widget-heading\" data-id=\"975c04c\" data-element_type=\"widget\" data-widget_type=\"heading.default\">\n\t\t\t\t<div class=\"elementor-widget-container\">\n\t\t\t\t\t<h2 class=\"elementor-heading-title elementor-size-default\">Piscine IN LEGNO<\/h2>\t\t\t\t<\/div>\n\t\t\t\t<\/div>\n\t\t\t\t<div class=\"elementor-element elementor-element-bec8bc0 elementor-widget elementor-widget-text-editor\" data-id=\"bec8bc0\" data-element_type=\"widget\" data-widget_type=\"text-editor.default\">\n\t\t\t\t<div class=\"elementor-widget-container\">\n\t\t\t\t\t\t\t\t\t<p>Una<strong> piscina<\/strong> fuori terra in<strong> legno<\/strong> offre una serie di vantaggi:<\/p><ul><li>\u00c8 una struttura autoportante.<\/li><li>Possibilit\u00e0 di <strong>ambientazione<\/strong> e <strong>personalizzazione<\/strong>.<\/li><li>Questo tipo di piscine fuori terra \u00e8 costituito da materiale <strong>naturale<\/strong> ed ecologico che si adatta a tutti gli ambienti.<\/li><\/ul>\t\t\t\t\t\t\t\t<\/div>\n\t\t\t\t<\/div>\n\t\t\t\t<\/div>\n\t\t<div class=\"elementor-element elementor-element-8a24120 e-con-full e-flex e-con e-child\" data-id=\"8a24120\" data-element_type=\"container\" data-settings=\"{&quot;background_background&quot;:&quot;classic&quot;}\">\n\t\t\t\t<\/div>\n\t\t\t\t<\/div>\n\t\t<div class=\"elementor-element elementor-element-db997c3 e-con-full e-flex e-con e-parent\" data-id=\"db997c3\" data-element_type=\"container\" data-settings=\"{&quot;background_background&quot;:&quot;classic&quot;}\">\n\t\t<div class=\"elementor-element elementor-element-f3112aa e-con-full e-flex e-con e-child\" data-id=\"f3112aa\" data-element_type=\"container\" data-settings=\"{&quot;background_background&quot;:&quot;classic&quot;}\">\n\t\t\t\t<div class=\"elementor-element elementor-element-899c7b4 elementor-widget elementor-widget-heading\" data-id=\"899c7b4\" data-element_type=\"widget\" data-widget_type=\"heading.default\">\n\t\t\t\t<div class=\"elementor-widget-container\">\n\t\t\t\t\t<h2 class=\"elementor-heading-title elementor-size-default\">CARATTERISTICHE<\/h2>\t\t\t\t<\/div>\n\t\t\t\t<\/div>\n\t\t\t\t<div class=\"elementor-element elementor-element-1e637a1 elementor-widget elementor-widget-text-editor\" data-id=\"1e637a1\" data-element_type=\"widget\" data-widget_type=\"text-editor.default\">\n\t\t\t\t<div class=\"elementor-widget-container\">\n\t\t\t\t\t\t\t\t\t<p>Oggi con le piscine fuori terra in legno il sogno di avere una piscina privata \u00e8 pi\u00f9 vicino! <strong>Felicit\u00e0 e benessere<\/strong> per tutta la famiglia o con chi desideri.<\/p><ul><li>La semplicit\u00e0 della forma e l\u2019utilizzo di <strong>materiali naturali<\/strong> permettono a questa piscina fuori terra di inserirsi facilmente in qualsiasi ambiente.<\/li><li>La piscina in legno pu\u00f2 essere posizionata<strong> fuori terra o parzialmente interrata,<\/strong> in quanto essendo una struttura autoportante pu\u00f2 essere posizionata su qualsiasi tipo di terreno.<\/li><li>Le piscine fuori terra sono realizzate in <strong>pino nordico trattato<\/strong> in autoclave classe IV, <strong>resistente al sole e alle intemperie<\/strong>.<\/li><li>La naturalit\u00e0 del legno impone fisiologiche caratteristiche che non devono essere interpretate come svantaggi, bens\u00ec come <strong>esaltazione della materia<\/strong>.<\/li><\/ul>\t\t\t\t\t\t\t\t<\/div>\n\t\t\t\t<\/div>\n\t\t\t\t<\/div>\n\t\t<div class=\"elementor-element elementor-element-a74302f e-con-full e-flex e-con e-child\" data-id=\"a74302f\" data-element_type=\"container\" data-settings=\"{&quot;background_background&quot;:&quot;slideshow&quot;,&quot;background_slideshow_gallery&quot;:[{&quot;id&quot;:466,&quot;url&quot;:&quot;https:\\\/\\\/piscine-parma.it\\\/wp-content\\\/uploads\\\/2025\\\/02\\\/piscine_legno.png&quot;},{&quot;id&quot;:467,&quot;url&quot;:&quot;https:\\\/\\\/piscine-parma.it\\\/wp-content\\\/uploads\\\/2025\\\/02\\\/solaris_fuoriterra.png&quot;},{&quot;id&quot;:464,&quot;url&quot;:&quot;https:\\\/\\\/piscine-parma.it\\\/wp-content\\\/uploads\\\/2025\\\/02\\\/legno_fuori_terra.png&quot;}],&quot;background_slideshow_loop&quot;:&quot;yes&quot;,&quot;background_slideshow_slide_duration&quot;:5000,&quot;background_slideshow_slide_transition&quot;:&quot;fade&quot;,&quot;background_slideshow_transition_duration&quot;:500}\">\n\t\t\t\t<\/div>\n\t\t\t\t<\/div>\n\t\t<div class=\"elementor-element elementor-element-1ad9ec4 e-flex e-con-boxed e-con e-parent\" data-id=\"1ad9ec4\" data-element_type=\"container\" data-settings=\"{&quot;background_background&quot;:&quot;classic&quot;}\">\n\t\t\t\t\t<div class=\"e-con-inner\">\n\t\t\t\t<div class=\"elementor-element elementor-element-6e05519 elementor-widget elementor-widget-heading\" data-id=\"6e05519\" data-element_type=\"widget\" data-widget_type=\"heading.default\">\n\t\t\t\t<div class=\"elementor-widget-container\">\n\t\t\t\t\t<h2 class=\"elementor-heading-title elementor-size-default\">Piscine Parma ha un'ampissima gamma di piscine fuori terra, impossibile presentarle tutte qui... \nVieni a conoscerle!&nbsp;<\/h2>\t\t\t\t<\/div>\n\t\t\t\t<\/div>\n\t\t\t\t\t<\/div>\n\t\t\t\t<\/div>\n\t\t\t\t<\/div>\n\t\t","protected":false},"excerpt":{"rendered":"<p>PISCINE FUORI TERRA Piscine IN LEGNO Una piscina fuori terra in legno offre una serie di vantaggi: \u00c8 una struttura autoportante. Possibilit\u00e0 di ambientazione e personalizzazione. Questo tipo di piscine fuori terra \u00e8 costituito da materiale naturale ed ecologico che si adatta a tutti gli ambienti. CARATTERISTICHE Oggi con le piscine fuori terra in legno [&hellip;]<\/p>\n","protected":false},"author":1,"featured_media":0,"parent":0,"menu_order":0,"comment_status":"closed","ping_status":"closed","template":"","meta":{"footnotes":""},"class_list":["post-20","page","type-page","status-publish","hentry"],"_links":{"self":[{"href":"https:\/\/piscine-parma.it\/index.php\/wp-json\/wp\/v2\/pages\/20","targetHints":{"allow":["GET"]}}],"collection":[{"href":"https:\/\/piscine-parma.it\/index.php\/wp-json\/wp\/v2\/pages"}],"about":[{"href":"https:\/\/piscine-parma.it\/index.php\/wp-json\/wp\/v2\/types\/page"}],"author":[{"embeddable":true,"href":"https:\/\/piscine-parma.it\/index.php\/wp-json\/wp\/v2\/users\/1"}],"replies":[{"embeddable":true,"href":"https:\/\/piscine-parma.it\/index.php\/wp-json\/wp\/v2\/comments?post=20"}],"version-history":[{"count":25,"href":"https:\/\/piscine-parma.it\/index.php\/wp-json\/wp\/v2\/pages\/20\/revisions"}],"predecessor-version":[{"id":731,"href":"https:\/\/piscine-parma.it\/index.php\/wp-json\/wp\/v2\/pages\/20\/revisions\/731"}],"wp:attachment":[{"href":"https:\/\/piscine-parma.it\/index.php\/wp-json\/wp\/v2\/media?parent=20"}],"curies":[{"name":"wp","href":"https:\/\/api.w.org\/{rel}","templated":true}]}}